{"id":592,"date":"2023-12-24T12:25:01","date_gmt":"2023-12-24T11:25:01","guid":{"rendered":"https:\/\/hillary-ping-pong.com\/?page_id=592"},"modified":"2024-01-14T17:08:58","modified_gmt":"2024-01-14T16:08:58","slug":"boutique","status":"publish","type":"page","link":"https:\/\/hillary-ping-pong.com\/index.php\/boutique\/","title":{"rendered":"Boutique"},"content":{"rendered":"\n<div class=\"wp-block-columns is-layout-flex wp-container-core-columns-layout-1 wp-block-columns-is-layout-flex\">\n<div class=\"wp-block-column is-layout-flow wp-block-column-is-layout-flow\"><\/div>\n\n\n\n<div class=\"wp-block-column is-layout-flow wp-block-column-is-layout-flow\"><\/div>\n<\/div>\n\n\n\n<div class=\"wp-block-columns is-layout-flex wp-container-core-columns-layout-2 wp-block-columns-is-layout-flex\">\n<div class=\"wp-block-column is-layout-flow wp-block-column-is-layout-flow\" style=\"flex-basis:33.33%\">\n<p class=\"has-text-align-right\"><strong>Image:<\/strong><\/p>\n\n\n\n<div class=\"wp-block-group is-layout-constrained wp-block-group-is-layout-constrained\">\n<p class=\"has-text-align-right\"><strong>. <\/strong>30x30cm: 150eu.<\/p>\n\n\n\n<p class=\"has-text-align-right\"><strong>. <\/strong>60x60cm: 250eu.<\/p>\n<\/div>\n<\/div>\n\n\n\n<div class=\"wp-block-column is-layout-flow wp-block-column-is-layout-flow\" style=\"flex-basis:66.66%\">\n<figure class=\"wp-block-image size-full is-resized\"><img loading=\"lazy\" decoding=\"async\" width=\"627\" height=\"567\" src=\"https:\/\/hillary-ping-pong.com\/wp-content\/uploads\/2024\/01\/407165767_375626631792037_554309198015698956_n-3.jpg\" alt=\"\" class=\"wp-image-1389\" style=\"width:341px;height:auto\" srcset=\"https:\/\/hillary-ping-pong.com\/wp-content\/uploads\/2024\/01\/407165767_375626631792037_554309198015698956_n-3.jpg 627w, https:\/\/hillary-ping-pong.com\/wp-content\/uploads\/2024\/01\/407165767_375626631792037_554309198015698956_n-3-300x271.jpg 300w\" sizes=\"(max-width: 627px) 100vw, 627px\" \/><\/figure>\n<\/div>\n<\/div>\n\n\n\n<div class=\"wp-block-columns is-layout-flex wp-container-core-columns-layout-3 wp-block-columns-is-layout-flex\">\n<div class=\"wp-block-column is-layout-flow wp-block-column-is-layout-flow\" style=\"flex-basis:66.66%\">\n<figure class=\"wp-block-gallery has-nested-images columns-default is-cropped wp-block-gallery-1 is-layout-flex wp-block-gallery-is-layout-flex\">\n<figure class=\"wp-block-image size-large\"><img loading=\"lazy\" decoding=\"async\" width=\"567\" height=\"341\" src=\"https:\/\/hillary-ping-pong.com\/wp-content\/uploads\/2024\/01\/coussinpose-1.jpg\" alt=\"\" class=\"wp-image-1368\" srcset=\"https:\/\/hillary-ping-pong.com\/wp-content\/uploads\/2024\/01\/coussinpose-1.jpg 567w, https:\/\/hillary-ping-pong.com\/wp-content\/uploads\/2024\/01\/coussinpose-1-300x180.jpg 300w\" sizes=\"(max-width: 567px) 100vw, 567px\" \/><\/figure>\n<\/figure>\n<\/div>\n\n\n\n<div class=\"wp-block-column is-layout-flow wp-block-column-is-layout-flow\" style=\"flex-basis:33.33%\">\n<p class=\"has-text-align-left\"><strong>Coussin:<\/strong><\/p>\n\n\n\n<div class=\"wp-block-group is-layout-constrained wp-block-group-is-layout-constrained\">\n<p><strong>.<\/strong> 40x40cm: 60eu.<\/p>\n\n\n\n<p><strong>.<\/strong> 60x60cm: 90eu.<\/p>\n<\/div>\n<\/div>\n<\/div>\n\n\n\n<div class=\"wp-block-columns is-layout-flex wp-container-core-columns-layout-4 wp-block-columns-is-layout-flex\">\n<div class=\"wp-block-column is-layout-flow wp-block-column-is-layout-flow\" style=\"flex-basis:33.33%\">\n<p class=\"has-text-align-right\"><strong>Magnet:<\/strong><\/p>\n\n\n\n<div class=\"wp-block-group is-layout-constrained wp-block-group-is-layout-constrained\">\n<p class=\"has-text-align-right\"><strong>. <\/strong>S\u00e9rie de 5, format carr\u00e9, 5x5cm: 20eu.<\/p>\n\n\n\n<p class=\"has-text-align-right\"><strong>. <\/strong>\u00e0 l&rsquo;unit\u00e9: 5eu. <\/p>\n<\/div>\n<\/div>\n\n\n\n<div class=\"wp-block-column is-layout-flow wp-block-column-is-layout-flow\" style=\"flex-basis:66.66%\">\n<figure class=\"wp-block-image size-full is-resized\"><img loading=\"lazy\" decoding=\"async\" width=\"567\" height=\"756\" src=\"https:\/\/hillary-ping-pong.com\/wp-content\/uploads\/2024\/01\/418179895_267348112807763_3933400923173564193_n.jpg\" alt=\"\" class=\"wp-image-1374\" style=\"width:185px;height:auto\" srcset=\"https:\/\/hillary-ping-pong.com\/wp-content\/uploads\/2024\/01\/418179895_267348112807763_3933400923173564193_n.jpg 567w, https:\/\/hillary-ping-pong.com\/wp-content\/uploads\/2024\/01\/418179895_267348112807763_3933400923173564193_n-225x300.jpg 225w\" sizes=\"(max-width: 567px) 100vw, 567px\" \/><\/figure>\n<\/div>\n<\/div>\n","protected":false},"excerpt":{"rendered":"<p>Image: . 30x30cm: 150eu. . 60x60cm: 250eu. Coussin: . 40x40cm: 60eu. . 60x60cm: 90eu. Magnet: . S\u00e9rie de 5, format carr\u00e9, 5x5cm: 20eu. . \u00e0 l&rsquo;unit\u00e9: 5eu.<\/p>\n","protected":false},"author":1,"featured_media":0,"parent":0,"menu_order":3,"comment_status":"closed","ping_status":"closed","template":"","meta":{"footnotes":""},"_links":{"self":[{"href":"https:\/\/hillary-ping-pong.com\/index.php\/wp-json\/wp\/v2\/pages\/592"}],"collection":[{"href":"https:\/\/hillary-ping-pong.com\/index.php\/wp-json\/wp\/v2\/pages"}],"about":[{"href":"https:\/\/hillary-ping-pong.com\/index.php\/wp-json\/wp\/v2\/types\/page"}],"author":[{"embeddable":true,"href":"https:\/\/hillary-ping-pong.com\/index.php\/wp-json\/wp\/v2\/users\/1"}],"replies":[{"embeddable":true,"href":"https:\/\/hillary-ping-pong.com\/index.php\/wp-json\/wp\/v2\/comments?post=592"}],"version-history":[{"count":16,"href":"https:\/\/hillary-ping-pong.com\/index.php\/wp-json\/wp\/v2\/pages\/592\/revisions"}],"predecessor-version":[{"id":1390,"href":"https:\/\/hillary-ping-pong.com\/index.php\/wp-json\/wp\/v2\/pages\/592\/revisions\/1390"}],"wp:attachment":[{"href":"https:\/\/hillary-ping-pong.com\/index.php\/wp-json\/wp\/v2\/media?parent=592"}],"curies":[{"name":"wp","href":"https:\/\/api.w.org\/{rel}","templated":true}]}}